{"id":42,"date":"2017-10-05T18:13:37","date_gmt":"2017-10-05T18:13:37","guid":{"rendered":"http:\/\/www.kadindogumestetik.com\/?page_id=42"},"modified":"2022-07-29T16:04:56","modified_gmt":"2022-07-29T13:04:56","slug":"about","status":"publish","type":"page","link":"https:\/\/muhammeterenersoz.com\/en\/about\/","title":{"rendered":"About"},"content":{"rendered":"\t\t<div data-elementor-type=\"wp-page\" data-elementor-id=\"42\" class=\"elementor elementor-42\">\n\t\t\t\t\t\t<section class=\"elementor-section elementor-top-section elementor-element elementor-element-10a3028 elementor-section-boxed elementor-section-height-default elementor-section-height-default\" data-id=\"10a3028\" data-element_type=\"section\">\n\t\t\t\t\t\t<div class=\"elementor-container elementor-column-gap-default\">\n\t\t\t\t\t<div class=\"elementor-column elementor-col-50 elementor-top-column elementor-element elementor-element-26843d0\" data-id=\"26843d0\" data-element_type=\"column\">\n\t\t\t<div class=\"elementor-widget-wrap elementor-element-populated\">\n\t\t\t\t\t\t<div class=\"elementor-element elementor-element-66758ab elementor-widget elementor-widget-image\" data-id=\"66758ab\" data-element_type=\"widget\" data-widget_type=\"image.default\">\n\t\t\t\t<div class=\"elementor-widget-container\">\n\t\t\t\t\t\t\t\t\t\t\t\t\t\t\t<img fetchpriority=\"high\" decoding=\"async\" width=\"701\" height=\"1024\" src=\"https:\/\/muhammeterenersoz.com\/en\/wp-content\/uploads\/2022\/07\/278719475_1110826753105177_4952527745341810587_n-_1_-701x1024.jpg\" class=\"attachment-large size-large wp-image-1166\" alt=\"\" srcset=\"https:\/\/muhammeterenersoz.com\/en\/wp-content\/uploads\/2022\/07\/278719475_1110826753105177_4952527745341810587_n-_1_-701x1024.jpg 701w, https:\/\/muhammeterenersoz.com\/en\/wp-content\/uploads\/2022\/07\/278719475_1110826753105177_4952527745341810587_n-_1_-600x877.jpg 600w, https:\/\/muhammeterenersoz.com\/en\/wp-content\/uploads\/2022\/07\/278719475_1110826753105177_4952527745341810587_n-_1_-205x300.jpg 205w, https:\/\/muhammeterenersoz.com\/en\/wp-content\/uploads\/2022\/07\/278719475_1110826753105177_4952527745341810587_n-_1_.jpg 739w\" sizes=\"(max-width: 701px) 100vw, 701px\" \/>\t\t\t\t\t\t\t\t\t\t\t\t\t\t\t<\/div>\n\t\t\t\t<\/div>\n\t\t\t\t\t<\/div>\n\t\t<\/div>\n\t\t\t\t<div class=\"elementor-column elementor-col-50 elementor-top-column elementor-element elementor-element-191a4e5\" data-id=\"191a4e5\" data-element_type=\"column\">\n\t\t\t<div class=\"elementor-widget-wrap elementor-element-populated\">\n\t\t\t\t\t\t<div class=\"elementor-element elementor-element-7a4a9c9 elementor-widget elementor-widget-heading\" data-id=\"7a4a9c9\" data-element_type=\"widget\" data-widget_type=\"heading.default\">\n\t\t\t\t<div class=\"elementor-widget-container\">\n\t\t\t\t\t<h2 class=\"elementor-heading-title elementor-size-default\">Op. Dr. Muhammet Eren ERS\u00d6Z<\/h2>\t\t\t\t<\/div>\n\t\t\t\t<\/div>\n\t\t\t\t<div class=\"elementor-element elementor-element-0a0f584 elementor-widget elementor-widget-text-editor\" data-id=\"0a0f584\" data-element_type=\"widget\" data-widget_type=\"text-editor.default\">\n\t\t\t\t<div class=\"elementor-widget-container\">\n\t\t\t\t\t\t\t\t\t<ul><li><strong>DEPARTMENT:<\/strong> Plastic, Reconstruct\u0131ve and\u00a0 Aesthet\u0131c Surgery<\/li><\/ul><p><strong>EDUCATION:<\/strong><\/p><ul><li>\u0130zmir Konak Anatolian High School Lisesi 2000-2004<\/li><li>Celal Bayar University Faculty of Medicine 2005-2011<\/li><li>Y\u00fcz\u00fcnc\u00fc Y\u0131l University Plastic, Reconstruct\u0131ve and\u00a0 Aesthet\u0131c Surgery\u00a0 Departmant 2012-2017<\/li><\/ul><p><strong>WORKED INSTITUTIONS:<\/strong><\/p><ul><li>Y\u00fcz\u00fcnc\u00fc Y\u0131l University Plastic, Reconstruct\u0131ve and\u00a0 Aesthet\u0131c Surgery \u00a0Departmant 2012-2017<\/li><li>Bitlis State Hospital 2017-2019<\/li><li>Private Lokman Hekim Hospital 2019-2020<\/li><li>Private Medig\u00fcne\u015f Hospital 2020-2022<\/li><\/ul>\t\t\t\t\t\t\t\t<\/div>\n\t\t\t\t<\/div>\n\t\t\t\t\t<\/div>\n\t\t<\/div>\n\t\t\t\t\t<\/div>\n\t\t<\/section>\n\t\t\t\t<section class=\"elementor-section elementor-top-section elementor-element elementor-element-e4075be elementor-section-boxed elementor-section-height-default elementor-section-height-default\" data-id=\"e4075be\" data-element_type=\"section\">\n\t\t\t\t\t\t<div class=\"elementor-container elementor-column-gap-default\">\n\t\t\t\t\t<div class=\"elementor-column elementor-col-100 elementor-top-column elementor-element elementor-element-02e0f1d\" data-id=\"02e0f1d\" data-element_type=\"column\">\n\t\t\t<div class=\"elementor-widget-wrap elementor-element-populated\">\n\t\t\t\t\t\t<div class=\"elementor-element elementor-element-dfe3f5c elementor-widget elementor-widget-text-editor\" data-id=\"dfe3f5c\" data-element_type=\"widget\" data-widget_type=\"text-editor.default\">\n\t\t\t\t<div class=\"elementor-widget-container\">\n\t\t\t\t\t\t\t\t\t<p><strong>COURSE- CONGRESS PARTICIPATIONS<\/strong><\/p><ol><li>T\u00fcrk Plastik, Rekonstr\u00fcktif Ve Estetik Cerrahi Derne\u011fi 35. Ulusal Kurultay\u0131 28-31 Ekim 2013, \u0130stanbul<\/li><li>Temel Mikrocerrahi Kursu, \u0130stanbul Medeniyet \u00dcniversitesi Mikrocerrahi Ara\u015ft\u0131rma Laboratuvar\u0131, 14-18 Nisan 2014 , \u0130stanbul<\/li><li>T\u00fcrk Plastik, Rekonstr\u00fcktif Ve Estetik Cerrahi Derne\u011fi 37. Ulusal Kurultay\u0131 4-7 Kas\u0131m 2015, Ankara<\/li><li>T\u00fcrk Plastik, Rekonstr\u00fcktif Ve Estetik Cerrahi Derne\u011fi 38. Ulusal Kurultay\u0131 27-30 Ekim 2016, Antalya<\/li><li>Rinoplasti kursu, T\u00fcrk Plastik, Rekonstr\u00fcktif Ve Estetik Cerrahi Derne\u011fi 38. Ulusal Kurultay\u0131 27-30 Ekim 2016, Antalya<\/li><li>\u0130stanbul estetik forumu, Estetik Y\u00fcz ve Burun Cerrahisi Derne\u011fi Ulusal kongresi, 17-19 \u015eubat 2017, \u0130stanbul<\/li><li>T\u00fcrk Plastik, Rekonstr\u00fcktif Ve Estetik Cerrahi Derne\u011fi 39. Ulusal Kurultay\u0131 11-14 Ekim 2017, Antalya<\/li><li>Minimal invaziv giri\u015fimler kursu, T\u00fcrk Plastik, Rekonstr\u00fcktif Ve Estetik Cerrahi Derne\u011fi 39. Ulusal Kurultay\u0131 11-14 Ekim 2017, Antalya<\/li><li>Teoman Do\u011fan Rinoplasti canl\u0131 cerrahi kursu, 27-28 Nisan 2018 , \u0130stanbul<\/li><li>Rinoplasti felsefesi ve canl\u0131 cerrahi 2 toplant\u0131s\u0131, RhinoAnkara, 27-29 Ekim 2018, Ankara<\/li><li>Preservation Rhinoplasty Kursu, 29 Kas\u0131m-1 Aral\u0131k 2018, \u0130stanbul<\/li><\/ol><p><strong>PRESENTATIONS-PUBLICATIONS<\/strong><\/p><p>\u00a0<\/p><ol><li>Demir CY , Ersoz ME, Erten R, \u00a0Kocak OF, Sultanoglu Y, \u00a0Basbugan Y (2018) Comparison of Enalapril, Candesartan and Intralesional Triamcinolone in Reducing Hypertrophic Scar Development: An Experimental Study, Aesthetic Plastic Surgery, 42(2), 352-361.<\/li><li>Demir CY , Sultanoglu Y, Kocak OF ,Ersoz ME (2017) \u0130nferior Pedicle Red\u00fcction Mammoplasty with\u00a0 or without Tourniquet:A Comparative\u00a0 Aesthetic Plastic Surgery, 41 (3), 1024-1030<\/li><li>Demir CY , Kocak OF , Bozan N ,Ersoz ME (2018). Is There a Role for Oxidaative Stress in Temporomandibular Joint Disorders? Journal of Orl and Maxiollofacial Surgery, 76(3),515-520<\/li><li>Demir CY , Ersoz ME (2018). Biochemical changes associated with temporomandibular disorders. Journal of \u0130ntertanional Medical Research.<\/li><li>Y\u00fcce S, \u00d6ks\u00fcz M, Ers\u00f6z ME, Kahraman A, I\u015f\u0131k D, Atik B. Investigation of skin cancer in geriatric age group. Turk\u0131sh Journal of Geriatrics 2014; 17(3):228-233<\/li><li>Y\u00fcce S, Ko\u00e7ak \u00d6.F, Sultano\u011flu Y, Ers\u00f6z ME, I\u015f\u0131k D. N\u00f6rofibramatozis zemininde geli\u015fen spontan fleks\u00f6r tendon r\u00fcpt\u00fcr\u00fc. T\u00fcrk Plastik, Rekonstr\u00fcktif ve Estetik Cerrahi Dergisi 2014; 22(2) :78-79<\/li><li>Demir CY , Bozan N ,Kocak OF,\u00c7okluk\u00a0 E, Sultano\u011flu Y ,Ersoz ME (2018). Thioldisulphide homeostasis and oxidative stress in patients with peripheral facial paralysis. Eastern Journal Of Medicine,23(3), 206-212.<\/li><li>Y\u00fcce S, \u00d6ks\u00fcz M, Sultano\u011flu Y, Ersoz ME , \u00d6zsular Y (2014). Chondroid Syringoma: A case with unusual localization. Journal of Clinical and Experimental Investigations. 5 (3): 441-443.<\/li><li>Ko\u00e7ak OF, Demir CY, Ers\u00f6z ME, \u00d6zsular Y, Sultano\u011flu Y, Aycan A, Akyol ME (2018). New alternative flap in the closure of meningomyelocele defects Modified S flaps. East J Med 23(4): 302-307.<\/li><li>Y\u00fcce S , \u00d6ks\u00fcz M, Ers\u00f6z ME, Kahraman A, I\u015f\u0131k D, Atik B (2015). Investigation of Geriatric Age Group Trauma. Van T\u0131p Dergisi: 22(3): 149-154.<\/li><li>Y\u00fcce S , \u00d6ks\u00fcz M, Ers\u00f6z ME,Kocak OF, Kahraman A, I\u015f\u0131k D, Atik B (2016). Groin Flap Experience in the Reconstruction of Soft Tissue Defects of the Hand. Turk\u0131sh journal of plast\u0131c surgery.24(1),22-26<\/li><li>Y\u00fcce S, \u00d6ks\u00fcz M, Ersoz ME, Sultano\u011flu Y , \u00d6zsular Y Nazal Glioma Nadir Bir Konjenital Anomali. Yeni T\u0131p Dergisi 2014 ;31:209-210.<\/li><li>Ko\u00e7ak OF, \u00d6ks\u00fcz M, Ersoz ME, Y\u00fcce S (2016) . Travma Olgusunda Rastlant\u0131sal Bulgu Bifid Median Sinir. T\u00fcrk Plastik, Rekonstr\u00fcktif ve Estetik Cerrahi Dergisi 2016.<\/li><li>Y\u00fcce S, \u00d6ks\u00fcz M, Ersoz ME, Kahraman A, I\u015f\u0131k D, Atik B (2015). Use with Tissue Expander Face, Scalp and Neck Reconstruction. Eur J Gen Med 2015; 12(3):217-221.<\/li><li>Ers\u00f6z ME, \u00d6zsular Y, Sultano\u011flu Y, Demir CY, Ko\u00e7ak OF (2016). Maksiller Sin\u00fcs Yerle\u015fimli Bir Yabanc\u0131 Cisim Balta Par\u00e7as\u0131. 38. Ulusal Plastik Cerrahi Kongresi ,213. ( \u00d6zet Bildiri\/Poster).<\/li><li>\u00d6zsular Y, Sultano\u011flu Y, Ers\u00f6z ME ,Demir CY, Ko\u00e7ak OF(2016). \u0130mmuns\u00fcprese Yeti\u015fkin Bireyde Skalpte Dev Molloskum Kontagiosum. 38. Ulusal Plastik Cerrahi Kongresi ,207-208. ( \u00d6zet Bildiri\/Poster).<\/li><li>\u00d6zsular Y, Ers\u00f6z ME ,Sultano\u011flu Y, Demir CY, Ko\u00e7ak OF(2016). Ferforje Demir S\u00fcsleme Yaralanmas\u0131 \u0130le Elde Olu\u015fan Yabanc\u0131 Cisim. 38. Ulusal Plastik Cerrahi Kongresi ,282-283. ( \u00d6zet Bildiri\/Poster).<\/li><li>Ko\u00e7ak OF , Ers\u00f6z ME, Demir CY, Sultano\u011flu Y, \u00d6ks\u00fcz M , Y\u00fcce S , \u00d6zsular Y. GORL\u0130N GOLTZ SYNDROME; A RARE SYNDROME. 9. BAPRAS Congress (\u00d6zet Bildiri\/Poster).<\/li><li>Ko\u00e7ak OF, \u00d6ks\u00fcz M, Demir CY, Ersoz ME, \u00d6zsular Y, Sultano\u011flu Y, Y\u00fcce S B\u0130F\u0130D NERVUS MEDIANUS. 9. BAPRAS Congress (\u00d6zet Bildiri\/Poster).<\/li><li>Ko\u00e7ak OF , Demir CY, \u00d6ks\u00fcz M, Sultano\u011flu Y, Ers\u00f6z ME, \u00d6zsular Y, Y\u00fcce S. PSEUDOS\u0130NDACTYLY AND FLEX\u0130ON CONTRACTURE ACCOMPANY\u0130NG EP\u0130DERMOLYS\u0130S BULLOSA A CASE PRESENTAT\u0130ON. 9. BAPRAS Congress (\u00d6zet Bildiri\/Poster).<\/li><li>Ko\u00e7ak OF , Sultano\u011flu Y , Demir CY, \u00d6ks\u00fcz, Ers\u00f6z ME, Y\u00fcce S , \u00d6zsular Y. M A PRE- AND POST APPROACH TO IATROGENIC PREANGULUS MANDIBULAR FRACTURE FOLLOWING THIRD MOLAR TOOTH EXTRACTION: A CASE REPORT. 9. BAPRAS Congress (\u00d6zet Bildiri\/Poster).<\/li><li>Ko\u00e7ak OF , \u00d6zsular Y, Y\u00fcce S , Demir CY , Sultano\u011flu Y, Ers\u00f6z ME .APPLICATION OF FULL-THICKNESS SKIN GRAFT TO TOTAL SCALP, FOREHEAD, EYEBROWS AND UPPER EYELIDS AMPUTATION: A CASE REPORT.\u00a0 BAPRAS Congress (\u00d6zet Bildiri\/Poster).<\/li><li>Ko\u00e7ak OF , Ers\u00f6z ME, Demir CY, Sultano\u011flu Y, \u00d6ks\u00fcz M , Y\u00fcce S , \u00d6zsular Y .THE BIFID UVULA IN A PATIENT WITH SIMPSON-GOLABI-BEHMEL SYNDROME. 9. BAPRAS Congress (\u00d6zet Bildiri\/Poster).<\/li><li>Demir CY , Ersoz ME, Erten R,\u00a0 Kocak OF, Sultanoglu Y, \u00d6zsular Y (2017). Tav\u015fan Kula\u011f\u0131 Hipertrofik Skar modelinde Anjiyotensin D\u00f6n\u00fc\u015ft\u00fcr\u00fcc\u00fc Enzim \u0130nhibit\u00f6r\u00fc, Anjiyotensin Resept\u00f6r Blok\u00f6r\u00fc ve Steroid Etkinlikerinin Kar\u015f\u0131la\u015ft\u0131r\u0131lmas\u0131. T\u00fcrk Plastik, Rekonstr\u00fcktif\u00a0 Ve Estetik Cerrahi Derne\u011fi 39. Ulusal Kurultay\u0131, 42(2), 352-361. ( S\u00f6zl\u00fc Bildiri Yar\u0131\u015fmas\u0131 T\u00fcrkiye 3.l\u00fc\u011f\u00fc).<\/li><\/ol>\t\t\t\t\t\t\t\t<\/div>\n\t\t\t\t<\/div>\n\t\t\t\t\t<\/div>\n\t\t<\/div>\n\t\t\t\t\t<\/div>\n\t\t<\/section>\n\t\t\t\t<\/div>\n\t\t","protected":false},"excerpt":{"rendered":"<p>Op. Dr. Muhammet Eren ERS\u00d6Z DEPARTMENT: Plastic, Reconstruct\u0131ve and&nbsp; Aesthet\u0131c Surgery EDUCATION: \u0130zmir Konak Anatolian High School Lisesi 2000-2004 Celal Bayar University Faculty of Medicine 2005-2011 Y\u00fcz\u00fcnc\u00fc Y\u0131l University Plastic, Reconstruct\u0131ve and&nbsp; Aesthet\u0131c Surgery&nbsp; Departmant 2012-2017 WORKED INSTITUTIONS: Y\u00fcz\u00fcnc\u00fc Y\u0131l University Plastic, Reconstruct\u0131ve and&nbsp; Aesthet\u0131c Surgery &nbsp;Departmant 2012-2017 Bitlis State Hospital 2017-2019 Private Lokman Hekim [&hellip;]<\/p>\n","protected":false},"author":1,"featured_media":0,"parent":0,"menu_order":0,"comment_status":"closed","ping_status":"closed","template":"","meta":{"_acf_changed":false,"footnotes":""},"class_list":["post-42","page","type-page","status-publish","hentry"],"acf":[],"_links":{"self":[{"href":"https:\/\/muhammeterenersoz.com\/en\/wp-json\/wp\/v2\/pages\/42","targetHints":{"allow":["GET"]}}],"collection":[{"href":"https:\/\/muhammeterenersoz.com\/en\/wp-json\/wp\/v2\/pages"}],"about":[{"href":"https:\/\/muhammeterenersoz.com\/en\/wp-json\/wp\/v2\/types\/page"}],"author":[{"embeddable":true,"href":"https:\/\/muhammeterenersoz.com\/en\/wp-json\/wp\/v2\/users\/1"}],"replies":[{"embeddable":true,"href":"https:\/\/muhammeterenersoz.com\/en\/wp-json\/wp\/v2\/comments?post=42"}],"version-history":[{"count":0,"href":"https:\/\/muhammeterenersoz.com\/en\/wp-json\/wp\/v2\/pages\/42\/revisions"}],"wp:attachment":[{"href":"https:\/\/muhammeterenersoz.com\/en\/wp-json\/wp\/v2\/media?parent=42"}],"curies":[{"name":"wp","href":"https:\/\/api.w.org\/{rel}","templated":true}]}}